{"id":19,"date":"2026-04-13T08:52:28","date_gmt":"2026-04-13T08:52:28","guid":{"rendered":"http:\/\/adrianaevents.ro\/?post_type=product&#038;p=19"},"modified":"2026-04-14T18:52:30","modified_gmt":"2026-04-14T18:52:30","slug":"bebelus-pe-aripa","status":"publish","type":"product","link":"https:\/\/adrianaevents.ro\/?product=bebelus-pe-aripa","title":{"rendered":"Bebelus pe Aripa"},"content":{"rendered":"<p><strong>M\u0103rturie s\u0103pun parfumat \u2013 Bebelu\u015f \u00een aripi de \u00eengera\u015f<\/strong><\/p>\n<p>Delicate \u015fi rafinate, aceste m\u0103rturii sunt realizate manual din s\u0103pun parfumat, \u00een forma unui bebelu\u015f adormit pe aripi de \u00eengera\u015f. Fiecare pies\u0103 spune o poveste de tandre\u0163e \u015fi puritate, fiind cadoul ideal pentru a oferi invita\u0163ilor o amintire de neuitat de la botez sau nunt\u0103.<\/p>\n<p>&nbsp;<\/p>\n<p>M\u0103rturie de botez personalizat\u0103, perfect\u0103 pentru a oferi invita\u021bilor o amintire elegant\u0103 \u0219i unic\u0103.<\/p>\n<p>\u2714 Personalizare cu nume \u0219i dat\u0103<br \/>\n\u2714 Design elegant \u0219i rafinat<br \/>\n\u2714 Ideal pentru botezuri moderne<br \/>\n\u2714 Realizat cu aten\u021bie la detalii<\/p>\n<p>O alegere perfect\u0103 pentru un eveniment special care va r\u0103m\u00e2ne \u00een amintirea tuturor invita\u021bilor.<\/p>\n<p>\u2728\u00a0<strong>Detalii produs:<\/strong><\/p>\n<ul>\n<li>Dimensiune: aprox. 7 cm lungime x 6 cm l\u0103\u0163ime (aripi)<\/li>\n<li>Culorile h\u0103inu\u0163elor \u015fi ale aripilor se aleg dup\u0103 preferin\u0163ele dvs.<\/li>\n<li>S\u0103pun parfumat, cu note fine \u015fi pl\u0103cute<\/li>\n<li>Ambalat elegant \u00een tulle, cu fundi\u0163\u0103 asortat\u0103 temei evenimentului<\/li>\n<\/ul>\n<p>???? Fiecare m\u0103rturie este unic\u0103, lucrat\u0103 cu grij\u0103 \u015fi migal\u0103, pentru ca bucuria momentului s\u0103 fie p\u0103strat\u0103 \u00eentr-un mod special.<\/p>\n<p>&nbsp;<\/p>\n<p>???? Livrare: 5\u201314 zile lucr\u0103toare<\/p>\n","protected":false},"excerpt":{"rendered":"<p>M\u0103rturie s\u0103pun parfumat \u2013 Bebelu\u015f \u00een aripi de \u00eengera\u015f Delicate \u015fi rafinate, aceste m\u0103rturii sunt realizate manual din s\u0103pun parfumat, [&hellip;]<\/p>\n","protected":false},"featured_media":20,"comment_status":"open","ping_status":"closed","template":"","meta":{"site-sidebar-layout":"default","site-content-layout":"","ast-site-content-layout":"default","site-content-style":"default","site-sidebar-style":"default","ast-global-header-display":"","ast-banner-title-visibility":"","ast-main-header-display":"","ast-hfb-above-header-display":"","ast-hfb-below-header-display":"","ast-hfb-mobile-header-display":"","site-post-title":"","ast-breadcrumbs-content":"","ast-featured-img":"","footer-sml-layout":"","ast-disable-related-posts":"","theme-transparent-header-meta":"default","adv-header-id-meta":"","stick-header-meta":"","header-above-stick-meta":"","header-main-stick-meta":"","header-below-stick-meta":"","astra-migrate-meta-layouts":"set","ast-page-background-enabled":"default","ast-page-background-meta":{"desktop":{"background-color":"var(--ast-global-color-5)","background-image":"","background-repeat":"repeat","background-position":"center center","background-size":"auto","background-attachment":"scroll","background-type":"","background-media":"","overlay-type":"","overlay-color":"","overlay-opacity":"","overlay-gradient":""},"tablet":{"background-color":"","background-image":"","background-repeat":"repeat","background-position":"center center","background-size":"auto","background-attachment":"scroll","background-type":"","background-media":"","overlay-type":"","overlay-color":"","overlay-opacity":"","overlay-gradient":""},"mobile":{"background-color":"","background-image":"","background-repeat":"repeat","background-position":"center center","background-size":"auto","background-attachment":"scroll","background-type":"","background-media":"","overlay-type":"","overlay-color":"","overlay-opacity":"","overlay-gradient":""}},"ast-content-background-meta":{"desktop":{"background-color":"var(--ast-global-color-4)","background-image":"","background-repeat":"repeat","background-position":"center center","background-size":"auto","background-attachment":"scroll","background-type":"","background-media":"","overlay-type":"","overlay-color":"","overlay-opacity":"","overlay-gradient":""},"tablet":{"background-color":"var(--ast-global-color-4)","background-image":"","background-repeat":"repeat","background-position":"center center","background-size":"auto","background-attachment":"scroll","background-type":"","background-media":"","overlay-type":"","overlay-color":"","overlay-opacity":"","overlay-gradient":""},"mobile":{"background-color":"var(--ast-global-color-4)","background-image":"","background-repeat":"repeat","background-position":"center center","background-size":"auto","background-attachment":"scroll","background-type":"","background-media":"","overlay-type":"","overlay-color":"","overlay-opacity":"","overlay-gradient":""}}},"product_brand":[],"product_cat":[20,19],"product_tag":[],"class_list":{"0":"post-19","1":"product","2":"type-product","3":"status-publish","4":"has-post-thumbnail","6":"product_cat-baieti","7":"product_cat-botez","8":"desktop-align-left","9":"tablet-align-left","10":"mobile-align-left","12":"first","13":"instock","14":"shipping-taxable","15":"purchasable","16":"product-type-simple"},"_links":{"self":[{"href":"https:\/\/adrianaevents.ro\/index.php?rest_route=\/wp\/v2\/product\/19","targetHints":{"allow":["GET"]}}],"collection":[{"href":"https:\/\/adrianaevents.ro\/index.php?rest_route=\/wp\/v2\/product"}],"about":[{"href":"https:\/\/adrianaevents.ro\/index.php?rest_route=\/wp\/v2\/types\/product"}],"replies":[{"embeddable":true,"href":"https:\/\/adrianaevents.ro\/index.php?rest_route=%2Fwp%2Fv2%2Fcomments&post=19"}],"wp:featuredmedia":[{"embeddable":true,"href":"https:\/\/adrianaevents.ro\/index.php?rest_route=\/wp\/v2\/media\/20"}],"wp:attachment":[{"href":"https:\/\/adrianaevents.ro\/index.php?rest_route=%2Fwp%2Fv2%2Fmedia&parent=19"}],"wp:term":[{"taxonomy":"product_brand","embeddable":true,"href":"https:\/\/adrianaevents.ro\/index.php?rest_route=%2Fwp%2Fv2%2Fproduct_brand&post=19"},{"taxonomy":"product_cat","embeddable":true,"href":"https:\/\/adrianaevents.ro\/index.php?rest_route=%2Fwp%2Fv2%2Fproduct_cat&post=19"},{"taxonomy":"product_tag","embeddable":true,"href":"https:\/\/adrianaevents.ro\/index.php?rest_route=%2Fwp%2Fv2%2Fproduct_tag&post=19"}],"curies":[{"name":"wp","href":"https:\/\/api.w.org\/{rel}","templated":true}]}}