{"id":48,"date":"2026-04-14T17:39:08","date_gmt":"2026-04-14T17:39:08","guid":{"rendered":"https:\/\/adrianaevents.ro\/?post_type=product&#038;p=48"},"modified":"2026-04-14T17:39:08","modified_gmt":"2026-04-14T17:39:08","slug":"marturie-botez-leu","status":"publish","type":"product","link":"https:\/\/adrianaevents.ro\/?product=marturie-botez-leu","title":{"rendered":"Marturie Botez Leu"},"content":{"rendered":"<p>Aceast\u0103 adorabil\u0103 m\u0103rturie din s\u0103pun \u00een form\u0103 de leu\u0219or este alegerea perfect\u0103 pentru a aduce un strop de delicate\u021be \u0219i veselie oric\u0103rui eveniment special. Realizat\u0103 manual cu aten\u021bie la detalii, figurina impresioneaz\u0103 prin designul s\u0103u simpatic, cu tr\u0103s\u0103turi fine \u0219i expresive, fiind ideal\u0103 pentru botezuri, anivers\u0103ri sau petreceri tematice.<\/p>\n","protected":false},"excerpt":{"rendered":"<p>Aceast\u0103 adorabil\u0103 m\u0103rturie din s\u0103pun \u00een form\u0103 de leu\u0219or este alegerea perfect\u0103 pentru a aduce un strop de delicate\u021be \u0219i [&hellip;]<\/p>\n","protected":false},"featured_media":72,"comment_status":"open","ping_status":"closed","template":"","meta":{"site-sidebar-layout":"default","site-content-layout":"","ast-site-content-layout":"default","site-content-style":"default","site-sidebar-style":"default","ast-global-header-display":"","ast-banner-title-visibility":"","ast-main-header-display":"","ast-hfb-above-header-display":"","ast-hfb-below-header-display":"","ast-hfb-mobile-header-display":"","site-post-title":"","ast-breadcrumbs-content":"","ast-featured-img":"","footer-sml-layout":"","ast-disable-related-posts":"","theme-transparent-header-meta":"","adv-header-id-meta":"","stick-header-meta":"","header-above-stick-meta":"","header-main-stick-meta":"","header-below-stick-meta":"","astra-migrate-meta-layouts":"default","ast-page-background-enabled":"default","ast-page-background-meta":{"desktop":{"background-color":"var(--ast-global-color-5)","background-image":"","background-repeat":"repeat","background-position":"center center","background-size":"auto","background-attachment":"scroll","background-type":"","background-media":"","overlay-type":"","overlay-color":"","overlay-opacity":"","overlay-gradient":""},"tablet":{"background-color":"","background-image":"","background-repeat":"repeat","background-position":"center center","background-size":"auto","background-attachment":"scroll","background-type":"","background-media":"","overlay-type":"","overlay-color":"","overlay-opacity":"","overlay-gradient":""},"mobile":{"background-color":"","background-image":"","background-repeat":"repeat","background-position":"center center","background-size":"auto","background-attachment":"scroll","background-type":"","background-media":"","overlay-type":"","overlay-color":"","overlay-opacity":"","overlay-gradient":""}},"ast-content-background-meta":{"desktop":{"background-color":"var(--ast-global-color-4)","background-image":"","background-repeat":"repeat","background-position":"center center","background-size":"auto","background-attachment":"scroll","background-type":"","background-media":"","overlay-type":"","overlay-color":"","overlay-opacity":"","overlay-gradient":""},"tablet":{"background-color":"var(--ast-global-color-4)","background-image":"","background-repeat":"repeat","background-position":"center center","background-size":"auto","background-attachment":"scroll","background-type":"","background-media":"","overlay-type":"","overlay-color":"","overlay-opacity":"","overlay-gradient":""},"mobile":{"background-color":"var(--ast-global-color-4)","background-image":"","background-repeat":"repeat","background-position":"center center","background-size":"auto","background-attachment":"scroll","background-type":"","background-media":"","overlay-type":"","overlay-color":"","overlay-opacity":"","overlay-gradient":""}}},"product_brand":[],"product_cat":[15],"product_tag":[],"class_list":{"0":"post-48","1":"product","2":"type-product","3":"status-publish","4":"has-post-thumbnail","6":"product_cat-fara-categorie","7":"desktop-align-left","8":"tablet-align-left","9":"mobile-align-left","11":"first","12":"instock","13":"shipping-taxable","14":"purchasable","15":"product-type-simple"},"_links":{"self":[{"href":"https:\/\/adrianaevents.ro\/index.php?rest_route=\/wp\/v2\/product\/48","targetHints":{"allow":["GET"]}}],"collection":[{"href":"https:\/\/adrianaevents.ro\/index.php?rest_route=\/wp\/v2\/product"}],"about":[{"href":"https:\/\/adrianaevents.ro\/index.php?rest_route=\/wp\/v2\/types\/product"}],"replies":[{"embeddable":true,"href":"https:\/\/adrianaevents.ro\/index.php?rest_route=%2Fwp%2Fv2%2Fcomments&post=48"}],"wp:featuredmedia":[{"embeddable":true,"href":"https:\/\/adrianaevents.ro\/index.php?rest_route=\/wp\/v2\/media\/72"}],"wp:attachment":[{"href":"https:\/\/adrianaevents.ro\/index.php?rest_route=%2Fwp%2Fv2%2Fmedia&parent=48"}],"wp:term":[{"taxonomy":"product_brand","embeddable":true,"href":"https:\/\/adrianaevents.ro\/index.php?rest_route=%2Fwp%2Fv2%2Fproduct_brand&post=48"},{"taxonomy":"product_cat","embeddable":true,"href":"https:\/\/adrianaevents.ro\/index.php?rest_route=%2Fwp%2Fv2%2Fproduct_cat&post=48"},{"taxonomy":"product_tag","embeddable":true,"href":"https:\/\/adrianaevents.ro\/index.php?rest_route=%2Fwp%2Fv2%2Fproduct_tag&post=48"}],"curies":[{"name":"wp","href":"https:\/\/api.w.org\/{rel}","templated":true}]}}