{"id":78,"date":"2026-04-14T18:14:12","date_gmt":"2026-04-14T18:14:12","guid":{"rendered":"https:\/\/adrianaevents.ro\/?post_type=product&#038;p=78"},"modified":"2026-04-14T19:34:34","modified_gmt":"2026-04-14T19:34:34","slug":"marturie-botez-ingerasii","status":"publish","type":"product","link":"https:\/\/adrianaevents.ro\/?product=marturie-botez-ingerasii","title":{"rendered":"Marturie Botez \u00cengera\u0219ii"},"content":{"rendered":"<p data-start=\"65\" data-end=\"352\">Aceste m\u0103rturii din s\u0103pun, cu un design delicat de \u00eengera\u0219, sunt alegerea perfect\u0103 pentru a marca un moment special precum botezul sau o aniversare. Realizate cu fine\u021be \u0219i aten\u021bie la detalii, fiecare pies\u0103 surprinde inocen\u021ba \u0219i puritatea copil\u0103riei prin formele sale bl\u00e2nde \u0219i expresive.<\/p>\n<p data-start=\"354\" data-end=\"623\">Disponibile \u00een nuan\u021be pastelate de alb \u0219i roz, aceste s\u0103punuri ofer\u0103 un aspect rafinat \u0219i romantic, completat de un parfum subtil \u0219i pl\u0103cut. Decorul elegant, cu accente florale, le transform\u0103 \u00eentr-un cadou de suflet pentru invita\u021bi, care va r\u0103m\u00e2ne o amintire pre\u021bioas\u0103.<\/p>\n<p data-start=\"625\" data-end=\"690\">O m\u0103rturie simbolic\u0103, ce transmite ging\u0103\u0219ie, lumin\u0103 \u0219i bucurie \ud83e\udd0d<\/p>\n","protected":false},"excerpt":{"rendered":"<p>Aceste m\u0103rturii din s\u0103pun, cu un design delicat de \u00eengera\u0219, sunt alegerea perfect\u0103 pentru a marca un moment special precum [&hellip;]<\/p>\n","protected":false},"featured_media":79,"comment_status":"open","ping_status":"closed","template":"","meta":{"site-sidebar-layout":"default","site-content-layout":"","ast-site-content-layout":"default","site-content-style":"default","site-sidebar-style":"default","ast-global-header-display":"","ast-banner-title-visibility":"","ast-main-header-display":"","ast-hfb-above-header-display":"","ast-hfb-below-header-display":"","ast-hfb-mobile-header-display":"","site-post-title":"","ast-breadcrumbs-content":"","ast-featured-img":"","footer-sml-layout":"","ast-disable-related-posts":"","theme-transparent-header-meta":"","adv-header-id-meta":"","stick-header-meta":"","header-above-stick-meta":"","header-main-stick-meta":"","header-below-stick-meta":"","astra-migrate-meta-layouts":"default","ast-page-background-enabled":"default","ast-page-background-meta":{"desktop":{"background-color":"var(--ast-global-color-5)","background-image":"","background-repeat":"repeat","background-position":"center center","background-size":"auto","background-attachment":"scroll","background-type":"","background-media":"","overlay-type":"","overlay-color":"","overlay-opacity":"","overlay-gradient":""},"tablet":{"background-color":"","background-image":"","background-repeat":"repeat","background-position":"center center","background-size":"auto","background-attachment":"scroll","background-type":"","background-media":"","overlay-type":"","overlay-color":"","overlay-opacity":"","overlay-gradient":""},"mobile":{"background-color":"","background-image":"","background-repeat":"repeat","background-position":"center center","background-size":"auto","background-attachment":"scroll","background-type":"","background-media":"","overlay-type":"","overlay-color":"","overlay-opacity":"","overlay-gradient":""}},"ast-content-background-meta":{"desktop":{"background-color":"var(--ast-global-color-4)","background-image":"","background-repeat":"repeat","background-position":"center center","background-size":"auto","background-attachment":"scroll","background-type":"","background-media":"","overlay-type":"","overlay-color":"","overlay-opacity":"","overlay-gradient":""},"tablet":{"background-color":"var(--ast-global-color-4)","background-image":"","background-repeat":"repeat","background-position":"center center","background-size":"auto","background-attachment":"scroll","background-type":"","background-media":"","overlay-type":"","overlay-color":"","overlay-opacity":"","overlay-gradient":""},"mobile":{"background-color":"var(--ast-global-color-4)","background-image":"","background-repeat":"repeat","background-position":"center center","background-size":"auto","background-attachment":"scroll","background-type":"","background-media":"","overlay-type":"","overlay-color":"","overlay-opacity":"","overlay-gradient":""}}},"product_brand":[],"product_cat":[27,26],"product_tag":[],"class_list":{"0":"post-78","1":"product","2":"type-product","3":"status-publish","4":"has-post-thumbnail","6":"product_cat-baieti","7":"product_cat-fetite","8":"desktop-align-left","9":"tablet-align-left","10":"mobile-align-left","12":"first","13":"instock","14":"shipping-taxable","15":"purchasable","16":"product-type-simple"},"_links":{"self":[{"href":"https:\/\/adrianaevents.ro\/index.php?rest_route=\/wp\/v2\/product\/78","targetHints":{"allow":["GET"]}}],"collection":[{"href":"https:\/\/adrianaevents.ro\/index.php?rest_route=\/wp\/v2\/product"}],"about":[{"href":"https:\/\/adrianaevents.ro\/index.php?rest_route=\/wp\/v2\/types\/product"}],"replies":[{"embeddable":true,"href":"https:\/\/adrianaevents.ro\/index.php?rest_route=%2Fwp%2Fv2%2Fcomments&post=78"}],"wp:featuredmedia":[{"embeddable":true,"href":"https:\/\/adrianaevents.ro\/index.php?rest_route=\/wp\/v2\/media\/79"}],"wp:attachment":[{"href":"https:\/\/adrianaevents.ro\/index.php?rest_route=%2Fwp%2Fv2%2Fmedia&parent=78"}],"wp:term":[{"taxonomy":"product_brand","embeddable":true,"href":"https:\/\/adrianaevents.ro\/index.php?rest_route=%2Fwp%2Fv2%2Fproduct_brand&post=78"},{"taxonomy":"product_cat","embeddable":true,"href":"https:\/\/adrianaevents.ro\/index.php?rest_route=%2Fwp%2Fv2%2Fproduct_cat&post=78"},{"taxonomy":"product_tag","embeddable":true,"href":"https:\/\/adrianaevents.ro\/index.php?rest_route=%2Fwp%2Fv2%2Fproduct_tag&post=78"}],"curies":[{"name":"wp","href":"https:\/\/api.w.org\/{rel}","templated":true}]}}