{"id":86,"date":"2026-04-14T19:30:08","date_gmt":"2026-04-14T19:30:08","guid":{"rendered":"https:\/\/adrianaevents.ro\/?post_type=product&#038;p=86"},"modified":"2026-04-14T19:30:08","modified_gmt":"2026-04-14T19:30:08","slug":"marturii-nunta","status":"publish","type":"product","link":"https:\/\/adrianaevents.ro\/?product=marturii-nunta","title":{"rendered":"Marturii Nunta"},"content":{"rendered":"<p data-start=\"110\" data-end=\"330\">Ofer\u0103 invita\u021bilor t\u0103i un cadou elegant \u0219i simbolic cu aceste m\u0103rturii din s\u0103pun, \u00een form\u0103 de inim\u0103. Cu un design modern \u0219i o textur\u0103 delicat\u0103, acestea sunt alegerea perfect\u0103 pentru a completa decorul unei nun\u021bi rafinate.<\/p>\n<p data-start=\"332\" data-end=\"520\">\u2714 Realizate manual din s\u0103pun de calitate<br data-start=\"372\" data-end=\"375\" \/>\u2714 Design elegant, \u00een form\u0103 de inim\u0103<br data-start=\"410\" data-end=\"413\" \/>\u2714 Culori pastelate: roz \u0219i crem<br data-start=\"444\" data-end=\"447\" \/>\u2714 Parfum delicat \u0219i pl\u0103cut<br data-start=\"473\" data-end=\"476\" \/>\u2714 Potrivite pentru orice tematic\u0103 de nunt\u0103<\/p>\n<p data-start=\"522\" data-end=\"616\">Aceste m\u0103rturii sunt nu doar un cadou frumos, ci \u0219i o amintire deosebit\u0103 a unei zile speciale.<\/p>\n","protected":false},"excerpt":{"rendered":"<p>Ofer\u0103 invita\u021bilor t\u0103i un cadou elegant \u0219i simbolic cu aceste m\u0103rturii din s\u0103pun, \u00een form\u0103 de inim\u0103. Cu un design modern \u0219i o textur\u0103 delicat\u0103, acestea sunt alegerea perfect\u0103 pentru a completa decorul unei nun\u021bi rafinate. \u2714 Realizate manual din s\u0103pun de [&hellip;]<\/p>\n","protected":false},"featured_media":87,"comment_status":"open","ping_status":"closed","template":"","meta":[],"product_brand":[],"product_cat":[24],"product_tag":[],"class_list":{"0":"post-86","1":"product","2":"type-product","3":"status-publish","4":"has-post-thumbnail","6":"product_cat-marturii","8":"first","9":"instock","10":"shipping-taxable","11":"purchasable","12":"product-type-simple"},"_links":{"self":[{"href":"https:\/\/adrianaevents.ro\/index.php?rest_route=\/wp\/v2\/product\/86","targetHints":{"allow":["GET"]}}],"collection":[{"href":"https:\/\/adrianaevents.ro\/index.php?rest_route=\/wp\/v2\/product"}],"about":[{"href":"https:\/\/adrianaevents.ro\/index.php?rest_route=\/wp\/v2\/types\/product"}],"replies":[{"embeddable":true,"href":"https:\/\/adrianaevents.ro\/index.php?rest_route=%2Fwp%2Fv2%2Fcomments&post=86"}],"wp:featuredmedia":[{"embeddable":true,"href":"https:\/\/adrianaevents.ro\/index.php?rest_route=\/wp\/v2\/media\/87"}],"wp:attachment":[{"href":"https:\/\/adrianaevents.ro\/index.php?rest_route=%2Fwp%2Fv2%2Fmedia&parent=86"}],"wp:term":[{"taxonomy":"product_brand","embeddable":true,"href":"https:\/\/adrianaevents.ro\/index.php?rest_route=%2Fwp%2Fv2%2Fproduct_brand&post=86"},{"taxonomy":"product_cat","embeddable":true,"href":"https:\/\/adrianaevents.ro\/index.php?rest_route=%2Fwp%2Fv2%2Fproduct_cat&post=86"},{"taxonomy":"product_tag","embeddable":true,"href":"https:\/\/adrianaevents.ro\/index.php?rest_route=%2Fwp%2Fv2%2Fproduct_tag&post=86"}],"curies":[{"name":"wp","href":"https:\/\/api.w.org\/{rel}","templated":true}]}}